{"id":228,"date":"2016-08-22T10:55:25","date_gmt":"2016-08-22T09:55:25","guid":{"rendered":"http:\/\/dev.aberfeldy.com\/?page_id=228"},"modified":"2023-04-05T10:52:16","modified_gmt":"2023-04-05T09:52:16","slug":"about-us","status":"publish","type":"page","link":"https:\/\/www.benedictinedom.com\/fr\/fr\/flamboyant-palais\/about-us\/","title":{"rendered":"Informations pratiques"},"content":{"rendered":"<p>&nbsp;<\/p>\n<p>Mais un jour de 1863, Alexandre Le Grand, f\u00e9campois, n\u00e9gociant en vin, aurait d\u00e9couvert par hasard dans sa biblioth\u00e8que la composition de cet \u00e9lixir perdue \u00e0 la R\u00e9volution. Intrigu\u00e9, il d\u00e9cide de la d\u00e9chiffrer et arrive \u00e0 la reconstituer au bout d\u2019un an d\u2019efforts. L\u2019\u00e9lixir devient alors une liqueur qu\u2019il nomme B\u00e9n\u00e9dictine en hommage au moine b\u00e9n\u00e9dictin Dom Bernardo Vincelli. Il fait construire le somptueux Palais B\u00e9n\u00e9dictine pour offrir un \u00e9crin prestigieux \u00e0 la distillerie de la liqueur (toujours en fonctionnement de nos jours) et \u00e0 sa collection d\u2019\u0153uvres d\u2019art.<\/p>\n<p>C\u2019est cette incroyable histoire ancienne et contemporaine que nous vous proposons de d\u00e9couvrir au Palais B\u00e9n\u00e9dictine en vivant des Exp\u00e9riences cr\u00e9\u00e9es pour les passionn\u00e9s et les curieux.<\/p>\n<p>Vous pourrez \u00e9galement profiter de l&rsquo;Espace D\u00e9gustation, du Salon de Th\u00e9 et de la Boutique. Sous la verri\u00e8re, vous aurez l&rsquo;opportunit\u00e9 d&rsquo;appr\u00e9cier les subtils ar\u00f4mes de B\u00e9n\u00e9dictine et ses cocktails. Vous pourrez d\u00e9guster des sp\u00e9cialit\u00e9s B\u00e9n\u00e9dictine (cr\u00eapes, madeleines aux \u00e9pices, cake B\u00e9n\u00e9dictine, glace B\u00e9n\u00e9dictine), mais aussi des boissons chaudes et froides, pauses d\u00e9jeuner, etc. L&rsquo;espace D\u00e9gustation, le Salon de Th\u00e9 et la Boutique sont situ\u00e9s au rez-de-chauss\u00e9e.<\/p>\n<p>Les h\u00f4tesses et h\u00f4tes du Palais B\u00e9n\u00e9dictine sont \u00e0 votre disposition pour vous assurer une visite agr\u00e9able.<\/p>\n<p>En attendant d&rsquo;avoir le plaisir de vous recevoir, nous sommes \u00e0 votre disposition :<\/p>\n<p>Par t\u00e9l\u00e9phone au + 33 (0)2 35 10 26 10 ou par e-mail <a href=\"mailto:infos@benedictine.fr\">infos@benedictine.fr<\/a>.<\/p>\n<h2>ACC\u00c8S ET STATIONNEMENT<\/h2>\n<ul>\n<li>Pour nous rejoindre, merci de vous reporter \u00e0 la section \u00ab\u00a0Pr\u00e9parez votre visite\u00a0\u00bb<\/li>\n<li>5 places de stationnement gratuites pour autocars sont disponibles \u00e0 50 m\u00e8tres du Palais B\u00e9n\u00e9dictine.<\/li>\n<li>Il n&rsquo;existe pas de parking r\u00e9serv\u00e9 aux visiteurs, cependant des places de stationnement se trouvent aux alentours du Palais B\u00e9n\u00e9dictine. Nous vous conseillons de garer vos v\u00e9hicules sur le quai B\u00e9rigny, \u00e0 200 m\u00e8tres du Palais B\u00e9n\u00e9dictine, ou encore sur le parking de la M\u00e2ture, \u00e0 c\u00f4t\u00e9 de la gare et de l&rsquo;Office de Tourisme de F\u00e9camp, \u00e0 quelques minutes du Palais.<\/li>\n<li>L&rsquo;entr\u00e9e du Palais B\u00e9n\u00e9dictine est accessible aux\u00a0personnes \u00e0 mobilit\u00e9 r\u00e9duite.<\/li>\n<\/ul>\n<h2>ACCUEIL ET VENTE DE TICKETS<\/h2>\n<ul>\n<li>Le Hall d&rsquo;Accueil est situ\u00e9 au rez-de-jardin et son acc\u00e8s est ais\u00e9<\/li>\n<li>Une partie de notre guichet d&rsquo;accueil et de ventes de tickets est \u00e0 une hauteur adapt\u00e9e aux personnes se d\u00e9pla\u00e7ant en fauteuil roulant.<\/li>\n<\/ul>\n<h2>Pour une agr\u00e9able visite<\/h2>\n<ul>\n<li>Pour la visite, nous fournissons des livrets explicatifs permettant de visiter le mus\u00e9e. Ces documents sont disponibles en fran\u00e7ais, anglais, allemand, n\u00e9erlandais, espagnol, italien, russe, mandarin, cor\u00e9en et japonais.<\/li>\n<li>Des bancs et des chaises sont \u00e0 disposition tout au long de votre visite.<\/li>\n<li>Le mus\u00e9e du Palais B\u00e9n\u00e9dictine est au 1er \u00e9tage. Un ascenseur est disponible pour y acc\u00e9der. L&rsquo;exceptionnelle collection d&rsquo;art ancien et sacr\u00e9, l&rsquo;exposition sur l&rsquo;histoire contemporaine de B\u00e9n\u00e9dictine (situ\u00e9es toutes les deux au premier \u00e9tage), la salle des plantes et \u00e9pices, la distillerie, l&rsquo;espace d\u00e9gustation, le salon de th\u00e9 et la boutique sont accessibles aux personnes \u00e0 mobilit\u00e9 r\u00e9duite. Seules les caves ne peuvent pas \u00eatre visit\u00e9es (escaliers).<\/li>\n<li>Les h\u00f4tesses et h\u00f4tes du Palais B\u00e9n\u00e9dictine sont \u00e0 votre disposition pour vous guider vers l&rsquo;ascenseur.<\/li>\n<\/ul>\n<h2>SALON DE TH\u00c9<\/h2>\n<ul>\n<li>Des p\u00e2tisseries et en-cas sont disponibles \u00e0 la vente \u00e0 l&rsquo;espace d\u00e9gustation. Ils peuvent \u00eatre consomm\u00e9s sous la verri\u00e8re du Palais B\u00e9n\u00e9dictine.<\/li>\n<li>Faites votre choix aupr\u00e8s de l&rsquo;Equipe du bar de d\u00e9gustation, elle sera heureuse de vous servir.<\/li>\n<\/ul>\n<h2>BOUTIQUE<\/h2>\n<ul>\n<li>La boutique du Palais propose les Expressions B\u00e9n\u00e9dictine, des ingr\u00e9dients pour les cocktails, une gamme de confiserie B\u00e9n\u00e9dictine, des cartes postales, verres, et d&rsquo;autres produits B\u00e9n\u00e9dictine vendus exclusivement au Palais.<\/li>\n<li>La boutique est situ\u00e9e au rez-de-chauss\u00e9e, \u00e0 c\u00f4t\u00e9 de la verri\u00e8re, juste avant la sortie du Palais B\u00e9n\u00e9dictine.<\/li>\n<li>Notre comptoir et la majorit\u00e9 de nos produits sont situ\u00e9s \u00e0 une hauteur adapt\u00e9e aux personnes se d\u00e9pla\u00e7ant en fauteuil roulant. Nos h\u00f4tesses et h\u00f4tes restent \u00e0 votre disposition pour vous aider si vous le souhaitez.<\/li>\n<\/ul>\n<h2>INFORMATIONS COMPL\u00c9MENTAIRES<\/h2>\n<ul>\n<li>Des toilettes adapt\u00e9es pour les personnes \u00e0 mobilit\u00e9 r\u00e9duite sont disponibles au rez-de-chauss\u00e9e et au 1er \u00e9tage du Palais B\u00e9n\u00e9dictine.<\/li>\n<li>Les animaux ne sont pas accept\u00e9s dans l&rsquo;enceinte du Palais B\u00e9n\u00e9dictine, \u00e0 l&rsquo;exception des chiens-guides ou des petits animaux dans un panier.<\/li>\n<\/ul>\n<h2>Taxis \/ Transports en commun<\/h2>\n<p>Taxi des Hautes Falaises : +33 (0)6 12 09 52 78<\/p>\n<p>Taxis Fromager : +33 (0)6 64 91 21 31<\/p>\n<p>Taxis d\u2019Alb\u00e2tre : +33 (0)6 03 63 13 09<\/p>\n<p>Taxi Num\u00e9ro 1 F\u00e9camp : +33 (0)6 81 48 44 23<\/p>\n<p>Taxi Franck Levouin : +33 (0)6 11 29 01 48<\/p>\n<p>R\u00e9seau de transports en commun : Ficibus &#8211; +33 (0)2 35 28 19 88 <a href=\"http:\/\/www.ficibus.com\">www.ficibus.com<\/a><\/p>\n<h2>CONTACT ET INFORMATIONS<\/h2>\n<p>Palais B\u00e9n\u00e9dictine &#8211; 110 rue Alexandre Le Grand &#8211; 76400 F\u00e9camp<\/p>\n<p>T\u00e9l\u00e9phone : +33 (0)2 35 10 26 10<\/p>\n<p>E-mail : infos@benedictine.fr<\/p>\n\n","protected":false},"excerpt":{"rendered":"<p>&nbsp; Mais un jour de 1863, Alexandre Le Grand, f\u00e9campois, n\u00e9gociant en vin, aurait d\u00e9couvert par hasard dans sa biblioth\u00e8que la composition de cet \u00e9lixir perdue \u00e0 la R\u00e9volution. Intrigu\u00e9, il d\u00e9cide de la d\u00e9chiffrer et arrive \u00e0 la reconstituer au bout d\u2019un an d\u2019efforts. L\u2019\u00e9lixir devient alors une liqueur qu\u2019il nomme B\u00e9n\u00e9dictine en hommage [&hellip;]<\/p>\n","protected":false},"author":38,"featured_media":0,"parent":0,"menu_order":0,"comment_status":"closed","ping_status":"closed","template":"","meta":{"_acf_changed":false,"footnotes":""},"class_list":["post-228","page","type-page","status-publish","hentry"],"acf":[],"yoast_head":"<!-- This site is optimized with the Yoast SEO plugin v26.0 - https:\/\/yoast.com\/wordpress\/plugins\/seo\/ -->\n<title>Informations pratiques - B\u00e9n\u00e9dictine<\/title>\n<meta name=\"description\" content=\"Informations pratiques - B\u00e9n\u00e9dictine\" \/>\n<meta name=\"robots\" content=\"index, follow, max-snippet:-1, max-image-preview:large, max-video-preview:-1\" \/>\n<link rel=\"canonical\" href=\"https:\/\/www.benedictinedom.com\/fr\/fr\/flamboyant-palais\/about-us\/\" \/>\n<meta property=\"og:locale\" content=\"fr_FR\" \/>\n<meta property=\"og:type\" content=\"article\" \/>\n<meta property=\"og:title\" content=\"Informations pratiques - B\u00e9n\u00e9dictine\" \/>\n<meta property=\"og:description\" content=\"Informations pratiques - B\u00e9n\u00e9dictine\" \/>\n<meta property=\"og:url\" content=\"https:\/\/www.benedictinedom.com\/fr\/fr\/flamboyant-palais\/about-us\/\" \/>\n<meta property=\"og:site_name\" content=\"B\u00e9n\u00e9dictine\" \/>\n<meta property=\"article:modified_time\" content=\"2023-04-05T09:52:16+00:00\" \/>\n<meta name=\"twitter:card\" content=\"summary_large_image\" \/>\n<meta name=\"twitter:label1\" content=\"Dur\u00e9e de lecture estim\u00e9e\" \/>\n\t<meta name=\"twitter:data1\" content=\"4 minutes\" \/>\n<script type=\"application\/ld+json\" class=\"yoast-schema-graph\">{\"@context\":\"https:\/\/schema.org\",\"@graph\":[{\"@type\":\"WebPage\",\"@id\":\"https:\/\/www.benedictinedom.com\/fr\/fr\/flamboyant-palais\/about-us\/\",\"url\":\"https:\/\/www.benedictinedom.com\/fr\/fr\/flamboyant-palais\/about-us\/\",\"name\":\"Informations pratiques - B\u00e9n\u00e9dictine\",\"isPartOf\":{\"@id\":\"https:\/\/www.benedictinedom.com\/fr\/fr\/flamboyant-palais\/#website\"},\"datePublished\":\"2016-08-22T09:55:25+00:00\",\"dateModified\":\"2023-04-05T09:52:16+00:00\",\"description\":\"Informations pratiques - B\u00e9n\u00e9dictine\",\"breadcrumb\":{\"@id\":\"https:\/\/www.benedictinedom.com\/fr\/fr\/flamboyant-palais\/about-us\/#breadcrumb\"},\"inLanguage\":\"fr-FR\",\"potentialAction\":[{\"@type\":\"ReadAction\",\"target\":[\"https:\/\/www.benedictinedom.com\/fr\/fr\/flamboyant-palais\/about-us\/\"]}]},{\"@type\":\"BreadcrumbList\",\"@id\":\"https:\/\/www.benedictinedom.com\/fr\/fr\/flamboyant-palais\/about-us\/#breadcrumb\",\"itemListElement\":[{\"@type\":\"ListItem\",\"position\":1,\"name\":\"Home\",\"item\":\"https:\/\/www.benedictinedom.com\/fr\/fr\/flamboyant-palais\/\"},{\"@type\":\"ListItem\",\"position\":2,\"name\":\"Informations pratiques\"}]},{\"@type\":\"WebSite\",\"@id\":\"https:\/\/www.benedictinedom.com\/fr\/fr\/flamboyant-palais\/#website\",\"url\":\"https:\/\/www.benedictinedom.com\/fr\/fr\/flamboyant-palais\/\",\"name\":\"B\u00e9n\u00e9dictine\",\"description\":\"Palais flamboyant\",\"potentialAction\":[{\"@type\":\"SearchAction\",\"target\":{\"@type\":\"EntryPoint\",\"urlTemplate\":\"https:\/\/www.benedictinedom.com\/fr\/fr\/flamboyant-palais\/?s={search_term_string}\"},\"query-input\":{\"@type\":\"PropertyValueSpecification\",\"valueRequired\":true,\"valueName\":\"search_term_string\"}}],\"inLanguage\":\"fr-FR\"}]}<\/script>\n<!-- \/ Yoast SEO plugin. -->","yoast_head_json":{"title":"Informations pratiques - B\u00e9n\u00e9dictine","description":"Informations pratiques - B\u00e9n\u00e9dictine","robots":{"index":"index","follow":"follow","max-snippet":"max-snippet:-1","max-image-preview":"max-image-preview:large","max-video-preview":"max-video-preview:-1"},"canonical":"https:\/\/www.benedictinedom.com\/fr\/fr\/flamboyant-palais\/about-us\/","og_locale":"fr_FR","og_type":"article","og_title":"Informations pratiques - B\u00e9n\u00e9dictine","og_description":"Informations pratiques - B\u00e9n\u00e9dictine","og_url":"https:\/\/www.benedictinedom.com\/fr\/fr\/flamboyant-palais\/about-us\/","og_site_name":"B\u00e9n\u00e9dictine","article_modified_time":"2023-04-05T09:52:16+00:00","twitter_card":"summary_large_image","twitter_misc":{"Dur\u00e9e de lecture estim\u00e9e":"4 minutes"},"schema":{"@context":"https:\/\/schema.org","@graph":[{"@type":"WebPage","@id":"https:\/\/www.benedictinedom.com\/fr\/fr\/flamboyant-palais\/about-us\/","url":"https:\/\/www.benedictinedom.com\/fr\/fr\/flamboyant-palais\/about-us\/","name":"Informations pratiques - B\u00e9n\u00e9dictine","isPartOf":{"@id":"https:\/\/www.benedictinedom.com\/fr\/fr\/flamboyant-palais\/#website"},"datePublished":"2016-08-22T09:55:25+00:00","dateModified":"2023-04-05T09:52:16+00:00","description":"Informations pratiques - B\u00e9n\u00e9dictine","breadcrumb":{"@id":"https:\/\/www.benedictinedom.com\/fr\/fr\/flamboyant-palais\/about-us\/#breadcrumb"},"inLanguage":"fr-FR","potentialAction":[{"@type":"ReadAction","target":["https:\/\/www.benedictinedom.com\/fr\/fr\/flamboyant-palais\/about-us\/"]}]},{"@type":"BreadcrumbList","@id":"https:\/\/www.benedictinedom.com\/fr\/fr\/flamboyant-palais\/about-us\/#breadcrumb","itemListElement":[{"@type":"ListItem","position":1,"name":"Home","item":"https:\/\/www.benedictinedom.com\/fr\/fr\/flamboyant-palais\/"},{"@type":"ListItem","position":2,"name":"Informations pratiques"}]},{"@type":"WebSite","@id":"https:\/\/www.benedictinedom.com\/fr\/fr\/flamboyant-palais\/#website","url":"https:\/\/www.benedictinedom.com\/fr\/fr\/flamboyant-palais\/","name":"B\u00e9n\u00e9dictine","description":"Palais flamboyant","potentialAction":[{"@type":"SearchAction","target":{"@type":"EntryPoint","urlTemplate":"https:\/\/www.benedictinedom.com\/fr\/fr\/flamboyant-palais\/?s={search_term_string}"},"query-input":{"@type":"PropertyValueSpecification","valueRequired":true,"valueName":"search_term_string"}}],"inLanguage":"fr-FR"}]}},"_links":{"self":[{"href":"https:\/\/www.benedictinedom.com\/fr\/fr\/flamboyant-palais\/wp-json\/wp\/v2\/pages\/228","targetHints":{"allow":["GET"]}}],"collection":[{"href":"https:\/\/www.benedictinedom.com\/fr\/fr\/flamboyant-palais\/wp-json\/wp\/v2\/pages"}],"about":[{"href":"https:\/\/www.benedictinedom.com\/fr\/fr\/flamboyant-palais\/wp-json\/wp\/v2\/types\/page"}],"author":[{"embeddable":true,"href":"https:\/\/www.benedictinedom.com\/fr\/fr\/flamboyant-palais\/wp-json\/wp\/v2\/users\/38"}],"replies":[{"embeddable":true,"href":"https:\/\/www.benedictinedom.com\/fr\/fr\/flamboyant-palais\/wp-json\/wp\/v2\/comments?post=228"}],"version-history":[{"count":0,"href":"https:\/\/www.benedictinedom.com\/fr\/fr\/flamboyant-palais\/wp-json\/wp\/v2\/pages\/228\/revisions"}],"wp:attachment":[{"href":"https:\/\/www.benedictinedom.com\/fr\/fr\/flamboyant-palais\/wp-json\/wp\/v2\/media?parent=228"}],"curies":[{"name":"wp","href":"https:\/\/api.w.org\/{rel}","templated":true}]}}