{"id":101,"date":"2016-08-04T11:39:06","date_gmt":"2016-08-04T11:39:06","guid":{"rendered":"https:\/\/www.benedictinedom.com\/flamboyant-palais\/?page_id=101"},"modified":"2025-03-28T07:38:15","modified_gmt":"2025-03-28T07:38:15","slug":"location","status":"publish","type":"page","link":"https:\/\/www.benedictinedom.com\/flamboyant-palais\/location\/","title":{"rendered":"Location"},"content":{"rendered":"<section class=\"sections\">\n\n\t\t\n\t\t\t\n\t\t\t<div class=\"section__content standard feature intro-text\"><div class=\"col-md-12 column-1 section__item\"><div class=\"section__info\"><h2 class=\"section__title \"> Plan your Visit<\/h2><\/div><div class=\"section__desc\"><p>Dewar\u2019s Aberfeldy Distillery is located on the outskirts of picturesque Aberfeldy. Take time to explore the local area to discover Highland Perthshire.<\/p>\n<\/div><\/div><\/div>\n\t\t\n\n    <\/section><!-- \/.sections -->\n","protected":false},"excerpt":{"rendered":"","protected":false},"author":41,"featured_media":0,"parent":0,"menu_order":0,"comment_status":"open","ping_status":"open","template":"template-location.php","meta":{"_acf_changed":false,"footnotes":""},"class_list":["post-101","page","type-page","status-publish","hentry"],"acf":[],"yoast_head":"<!-- This site is optimized with the Yoast SEO plugin v26.0 - https:\/\/yoast.com\/wordpress\/plugins\/seo\/ -->\n<title>Come and Visit Us | B\u00e9n\u00e9dictine<\/title>\n<meta name=\"description\" content=\"Come and visit us. Address: 110 rue Alexandre Le Grand 76400, F\u00e9camp, France.\" \/>\n<meta name=\"robots\" content=\"index, follow, max-snippet:-1, max-image-preview:large, max-video-preview:-1\" \/>\n<link rel=\"canonical\" href=\"https:\/\/www.benedictinedom.com\/flamboyant-palais\/location\/\" \/>\n<meta property=\"og:locale\" content=\"en_US\" \/>\n<meta property=\"og:type\" content=\"article\" \/>\n<meta property=\"og:title\" content=\"Come and Visit Us | B\u00e9n\u00e9dictine\" \/>\n<meta property=\"og:description\" content=\"Come and visit us. Address: 110 rue Alexandre Le Grand 76400, F\u00e9camp, France.\" \/>\n<meta property=\"og:url\" content=\"https:\/\/www.benedictinedom.com\/flamboyant-palais\/location\/\" \/>\n<meta property=\"og:site_name\" content=\"B\u00e9n\u00e9dictine\" \/>\n<meta property=\"article:modified_time\" content=\"2025-03-28T07:38:15+00:00\" \/>\n<meta name=\"twitter:card\" content=\"summary_large_image\" \/>\n<meta name=\"twitter:label1\" content=\"Est. reading time\" \/>\n\t<meta name=\"twitter:data1\" content=\"1 minute\" \/>\n<script type=\"application\/ld+json\" class=\"yoast-schema-graph\">{\"@context\":\"https:\/\/schema.org\",\"@graph\":[{\"@type\":\"WebPage\",\"@id\":\"https:\/\/www.benedictinedom.com\/flamboyant-palais\/location\/\",\"url\":\"https:\/\/www.benedictinedom.com\/flamboyant-palais\/location\/\",\"name\":\"Come and Visit Us | B\u00e9n\u00e9dictine\",\"isPartOf\":{\"@id\":\"https:\/\/www.benedictinedom.com\/flamboyant-palais\/#website\"},\"datePublished\":\"2016-08-04T11:39:06+00:00\",\"dateModified\":\"2025-03-28T07:38:15+00:00\",\"description\":\"Come and visit us. Address: 110 rue Alexandre Le Grand 76400, F\u00e9camp, France.\",\"breadcrumb\":{\"@id\":\"https:\/\/www.benedictinedom.com\/flamboyant-palais\/location\/#breadcrumb\"},\"inLanguage\":\"en-US\",\"potentialAction\":[{\"@type\":\"ReadAction\",\"target\":[\"https:\/\/www.benedictinedom.com\/flamboyant-palais\/location\/\"]}]},{\"@type\":\"BreadcrumbList\",\"@id\":\"https:\/\/www.benedictinedom.com\/flamboyant-palais\/location\/#breadcrumb\",\"itemListElement\":[{\"@type\":\"ListItem\",\"position\":1,\"name\":\"Home\",\"item\":\"https:\/\/www.benedictinedom.com\/flamboyant-palais\/\"},{\"@type\":\"ListItem\",\"position\":2,\"name\":\"Location\"}]},{\"@type\":\"WebSite\",\"@id\":\"https:\/\/www.benedictinedom.com\/flamboyant-palais\/#website\",\"url\":\"https:\/\/www.benedictinedom.com\/flamboyant-palais\/\",\"name\":\"B\u00e9n\u00e9dictine\",\"description\":\"Flamboyant Palais\",\"potentialAction\":[{\"@type\":\"SearchAction\",\"target\":{\"@type\":\"EntryPoint\",\"urlTemplate\":\"https:\/\/www.benedictinedom.com\/flamboyant-palais\/?s={search_term_string}\"},\"query-input\":{\"@type\":\"PropertyValueSpecification\",\"valueRequired\":true,\"valueName\":\"search_term_string\"}}],\"inLanguage\":\"en-US\"}]}<\/script>\n<!-- \/ Yoast SEO plugin. -->","yoast_head_json":{"title":"Come and Visit Us | B\u00e9n\u00e9dictine","description":"Come and visit us. Address: 110 rue Alexandre Le Grand 76400, F\u00e9camp, France.","robots":{"index":"index","follow":"follow","max-snippet":"max-snippet:-1","max-image-preview":"max-image-preview:large","max-video-preview":"max-video-preview:-1"},"canonical":"https:\/\/www.benedictinedom.com\/flamboyant-palais\/location\/","og_locale":"en_US","og_type":"article","og_title":"Come and Visit Us | B\u00e9n\u00e9dictine","og_description":"Come and visit us. Address: 110 rue Alexandre Le Grand 76400, F\u00e9camp, France.","og_url":"https:\/\/www.benedictinedom.com\/flamboyant-palais\/location\/","og_site_name":"B\u00e9n\u00e9dictine","article_modified_time":"2025-03-28T07:38:15+00:00","twitter_card":"summary_large_image","twitter_misc":{"Est. reading time":"1 minute"},"schema":{"@context":"https:\/\/schema.org","@graph":[{"@type":"WebPage","@id":"https:\/\/www.benedictinedom.com\/flamboyant-palais\/location\/","url":"https:\/\/www.benedictinedom.com\/flamboyant-palais\/location\/","name":"Come and Visit Us | B\u00e9n\u00e9dictine","isPartOf":{"@id":"https:\/\/www.benedictinedom.com\/flamboyant-palais\/#website"},"datePublished":"2016-08-04T11:39:06+00:00","dateModified":"2025-03-28T07:38:15+00:00","description":"Come and visit us. Address: 110 rue Alexandre Le Grand 76400, F\u00e9camp, France.","breadcrumb":{"@id":"https:\/\/www.benedictinedom.com\/flamboyant-palais\/location\/#breadcrumb"},"inLanguage":"en-US","potentialAction":[{"@type":"ReadAction","target":["https:\/\/www.benedictinedom.com\/flamboyant-palais\/location\/"]}]},{"@type":"BreadcrumbList","@id":"https:\/\/www.benedictinedom.com\/flamboyant-palais\/location\/#breadcrumb","itemListElement":[{"@type":"ListItem","position":1,"name":"Home","item":"https:\/\/www.benedictinedom.com\/flamboyant-palais\/"},{"@type":"ListItem","position":2,"name":"Location"}]},{"@type":"WebSite","@id":"https:\/\/www.benedictinedom.com\/flamboyant-palais\/#website","url":"https:\/\/www.benedictinedom.com\/flamboyant-palais\/","name":"B\u00e9n\u00e9dictine","description":"Flamboyant Palais","potentialAction":[{"@type":"SearchAction","target":{"@type":"EntryPoint","urlTemplate":"https:\/\/www.benedictinedom.com\/flamboyant-palais\/?s={search_term_string}"},"query-input":{"@type":"PropertyValueSpecification","valueRequired":true,"valueName":"search_term_string"}}],"inLanguage":"en-US"}]}},"_links":{"self":[{"href":"https:\/\/www.benedictinedom.com\/flamboyant-palais\/wp-json\/wp\/v2\/pages\/101","targetHints":{"allow":["GET"]}}],"collection":[{"href":"https:\/\/www.benedictinedom.com\/flamboyant-palais\/wp-json\/wp\/v2\/pages"}],"about":[{"href":"https:\/\/www.benedictinedom.com\/flamboyant-palais\/wp-json\/wp\/v2\/types\/page"}],"author":[{"embeddable":true,"href":"https:\/\/www.benedictinedom.com\/flamboyant-palais\/wp-json\/wp\/v2\/users\/41"}],"replies":[{"embeddable":true,"href":"https:\/\/www.benedictinedom.com\/flamboyant-palais\/wp-json\/wp\/v2\/comments?post=101"}],"version-history":[{"count":0,"href":"https:\/\/www.benedictinedom.com\/flamboyant-palais\/wp-json\/wp\/v2\/pages\/101\/revisions"}],"wp:attachment":[{"href":"https:\/\/www.benedictinedom.com\/flamboyant-palais\/wp-json\/wp\/v2\/media?parent=101"}],"curies":[{"name":"wp","href":"https:\/\/api.w.org\/{rel}","templated":true}]}}